{"id":20,"date":"2024-02-10T11:21:48","date_gmt":"2024-02-10T10:21:48","guid":{"rendered":"https:\/\/simplexts.se\/?page_id=20"},"modified":"2024-03-28T09:14:32","modified_gmt":"2024-03-28T08:14:32","slug":"about-us","status":"publish","type":"page","link":"https:\/\/simplexts.se\/sv\/about-us\/","title":{"rendered":"Om oss"},"content":{"rendered":"<section class=\"mht-block mht-block-cta mht-block-cta-3e23b2624c22b52c20f147b95c5c63ee about-us-cta-decoration\">\n\n    \n<style id='mht-block-cta-3e23b2624c22b52c20f147b95c5c63ee-vars'>section.mht-block-cta-3e23b2624c22b52c20f147b95c5c63ee{--mht-block-section-rich-bg-image:url('https:\/\/simplexts.se\/wp-content\/uploads\/2024\/02\/eduardo-drapier-wgwoT2CQwmM-unsplash@2x-1920x851.webp');--mht-block-cta-image-grid-column:1\/span 12;--mht-block-cta-texts-grid-column:1\/span 8;--mht-block-cta-texts-bg-color:rgb(144,188,194);--mht-block-cta-texts-padding-top:80px;--mht-block-cta-texts-padding-right:109px;--mht-block-cta-texts-padding-bottom:143px;--mht-block-cta-texts-padding-left:52px;--mht-block-cta-texts-margin-top:77px;--mht-block-cta-texts-margin-right:44px;--mht-block-cta-title-color:rgb(255,255,255);--mht-block-cta-title-margin-right:20px;--mht-block-cta-title-margin-bottom:16px;--mht-block-cta-desc-color:rgb(255,255,255);--mht-block-cta-desc-margin-right:150px}@media(max-width:991.98px){section.mht-block-cta-3e23b2624c22b52c20f147b95c5c63ee{--mht-block-cta-container-padding-right:0;--mht-block-cta-container-padding-left:0;--mht-block-cta-content-row-gap:0;--mht-block-cta-image-grid-column:1\/span 2;--mht-block-cta-texts-grid-column:1\/span 2;--mht-block-cta-texts-padding-top:24px;--mht-block-cta-texts-padding-right:15px;--mht-block-cta-texts-padding-bottom:100px;--mht-block-cta-texts-padding-left:15px;--mht-block-cta-texts-margin-top:0;--mht-block-cta-texts-margin-right:0;--mht-block-cta-texts-margin-left:0;--mht-block-cta-title-margin-right:0;--mht-block-cta-title-margin-bottom:24px;--mht-block-cta-desc-margin-right:0}}<\/style>\n\n    <div class=\"section-rich-bg rich-bg\" style=\"background-image:var(--mht-block-section-rich-bg-image)\"><\/div>\n\n    <div class=\"container\" style=\"padding-right:var(--mht-block-cta-container-padding-right);padding-left:var(--mht-block-cta-container-padding-left)\">\n        <div class=\"section-content\">\n            <div class=\"section-content--inner mht-grid\" style=\"row-gap:var(--mht-block-cta-content-row-gap)\">\n\n                                    <div class=\"cta--image\" style=\"grid-column:var(--mht-block-cta-image-grid-column)\">\n                        <img loading=\"lazy\" decoding=\"async\" width=\"575\" height=\"266\" src=\"https:\/\/simplexts.se\/wp-content\/uploads\/2024\/02\/eduardo-drapier-wgwoT2CQwmM-unsplash@2x-1-e1708357169370-575x266.webp\" class=\"display-m\" alt=\"\" srcset=\"https:\/\/simplexts.se\/wp-content\/uploads\/2024\/02\/eduardo-drapier-wgwoT2CQwmM-unsplash@2x-1-e1708357169370-575x266.webp 575w, https:\/\/simplexts.se\/wp-content\/uploads\/2024\/02\/eduardo-drapier-wgwoT2CQwmM-unsplash@2x-1-e1708357169370-300x139.webp 300w, https:\/\/simplexts.se\/wp-content\/uploads\/2024\/02\/eduardo-drapier-wgwoT2CQwmM-unsplash@2x-1-e1708357169370-768x355.webp 768w, https:\/\/simplexts.se\/wp-content\/uploads\/2024\/02\/eduardo-drapier-wgwoT2CQwmM-unsplash@2x-1-e1708357169370-18x8.webp 18w, https:\/\/simplexts.se\/wp-content\/uploads\/2024\/02\/eduardo-drapier-wgwoT2CQwmM-unsplash@2x-1-e1708357169370.webp 779w\" sizes=\"auto, (max-width: 575px) 100vw, 575px\" \/>                    <\/div><!-- .cta--image -->\n                \n                <div class=\"cta--texts\" style=\"grid-column:var(--mht-block-cta-texts-grid-column);background-color:var(--mht-block-cta-texts-bg-color);padding-top:var(--mht-block-cta-texts-padding-top);padding-right:var(--mht-block-cta-texts-padding-right);padding-bottom:var(--mht-block-cta-texts-padding-bottom);padding-left:var(--mht-block-cta-texts-padding-left);margin-top:var(--mht-block-cta-texts-margin-top);margin-right:var(--mht-block-cta-texts-margin-right);margin-left:var(--mht-block-cta-texts-margin-left)\">\n                    \n                                            <h1 class=\"cta--title mht-heading\" style=\"color:var(--mht-block-cta-title-color);margin-right:var(--mht-block-cta-title-margin-right);margin-bottom:var(--mht-block-cta-title-margin-bottom)\">                            Vi har v\u00e5r bas i G\u00f6teborg men erbjuder tj\u00e4nster globalt.                        <\/h1>                    \n                                            <div class=\"cta--desc\" style=\"color:var(--mht-block-cta-desc-color);margin-right:var(--mht-block-cta-desc-margin-right)\">\n                            <p>Simplex-Turbulo System AB, established since 2007, is the authorized sales and service agent for SKF Marine GmbH in Sweden. We specialize in the sale and service of Simplex propeller shaft seals, offering fast and efficient service worldwide.<\/p>\n<p>Vi st\u00f6djer b\u00e5de sm\u00e5 och stora rederier, med l\u00f6sningar som optimerar drifttid och effektivitet. Vi utg\u00e5r ifr\u00e5n G\u00f6teborg med utf\u00f6r service \u00f6ver hela v\u00e4rlden.<\/p>\n                        <\/div>\n                    \n                                    <\/div><!-- .cta--texts -->\n\n            <\/div><!-- .section-content-inner -->\n        <\/div><!-- .section-content -->\n    <\/div><!-- .container -->\n\n<\/section>\n\n\n<div class=\"gb-container gb-container-cebb9e34\">\n<div class=\"gb-grid-wrapper gb-grid-wrapper-34b133a4\">\n<div class=\"gb-grid-column gb-grid-column-b1709189\"><div class=\"gb-container gb-container-b1709189\">\n\n<p class=\"gb-headline gb-headline-c5895805 gb-headline-text\">Vi erbjuder ett brett sortiment av SKF Marine GmbH:s produkter, inklusive avancerade propelleraxelt\u00e4tningar. V\u00e5rt utbud garanterar h\u00f6g kvalitet och prestanda f\u00f6r marina krav.<\/p>\n\n<\/div><\/div>\n\n<div class=\"gb-grid-column gb-grid-column-624729a9\"><div class=\"gb-container gb-container-624729a9\">\n<div class=\"gb-container gb-container-6a1fa6c5\">\n\n<figure class=\"gb-block-image gb-block-image-7e97aba2\"><img loading=\"lazy\" decoding=\"async\" width=\"574\" height=\"732\" class=\"gb-image gb-image-7e97aba2 window-img\" src=\"https:\/\/simplexts.se\/wp-content\/uploads\/2024\/02\/Screenshot-2024-01-29-at-08.34.44@2x.webp\" alt=\"\" title=\"Screenshot-2024-01-29-at-08.34.44@2x\" srcset=\"https:\/\/simplexts.se\/wp-content\/uploads\/2024\/02\/Screenshot-2024-01-29-at-08.34.44@2x.webp 574w, https:\/\/simplexts.se\/wp-content\/uploads\/2024\/02\/Screenshot-2024-01-29-at-08.34.44@2x-235x300.webp 235w, https:\/\/simplexts.se\/wp-content\/uploads\/2024\/02\/Screenshot-2024-01-29-at-08.34.44@2x-9x12.webp 9w\" sizes=\"auto, (max-width: 574px) 100vw, 574px\" \/><\/figure>\n\n<\/div>\n<\/div><\/div>\n\n<div class=\"gb-grid-column gb-grid-column-16fe5437\"><div class=\"gb-container gb-container-16fe5437\">\n<div class=\"gb-container gb-container-4fbcb2e6\">\n\n<figure class=\"gb-block-image gb-block-image-887225e0\"><img loading=\"lazy\" decoding=\"async\" width=\"1192\" height=\"732\" class=\"gb-image gb-image-887225e0 window-img\" src=\"https:\/\/simplexts.se\/wp-content\/uploads\/2024\/02\/shutterstock_574461313@2x.webp\" alt=\"\" title=\"shutterstock_574461313@2x\" srcset=\"https:\/\/simplexts.se\/wp-content\/uploads\/2024\/02\/shutterstock_574461313@2x.webp 1192w, https:\/\/simplexts.se\/wp-content\/uploads\/2024\/02\/shutterstock_574461313@2x-300x184.webp 300w, https:\/\/simplexts.se\/wp-content\/uploads\/2024\/02\/shutterstock_574461313@2x-1024x629.webp 1024w, https:\/\/simplexts.se\/wp-content\/uploads\/2024\/02\/shutterstock_574461313@2x-768x472.webp 768w, https:\/\/simplexts.se\/wp-content\/uploads\/2024\/02\/shutterstock_574461313@2x-18x12.webp 18w, https:\/\/simplexts.se\/wp-content\/uploads\/2024\/02\/shutterstock_574461313@2x-575x353.webp 575w\" sizes=\"auto, (max-width: 1192px) 100vw, 1192px\" \/><\/figure>\n\n<\/div>\n<\/div><\/div>\n\n<div class=\"gb-grid-column gb-grid-column-917534e5\"><div class=\"gb-container gb-container-917534e5\">\n<div class=\"gb-container gb-container-e9009a75\">\n\n<figure class=\"gb-block-image gb-block-image-857adb03\"><img loading=\"lazy\" decoding=\"async\" width=\"1192\" height=\"732\" class=\"gb-image gb-image-857adb03 window-img\" src=\"https:\/\/simplexts.se\/wp-content\/uploads\/2024\/02\/shutterstock_116006956@2x.webp\" alt=\"\" title=\"shutterstock_116006956@2x\" srcset=\"https:\/\/simplexts.se\/wp-content\/uploads\/2024\/02\/shutterstock_116006956@2x.webp 1192w, https:\/\/simplexts.se\/wp-content\/uploads\/2024\/02\/shutterstock_116006956@2x-300x184.webp 300w, https:\/\/simplexts.se\/wp-content\/uploads\/2024\/02\/shutterstock_116006956@2x-1024x629.webp 1024w, https:\/\/simplexts.se\/wp-content\/uploads\/2024\/02\/shutterstock_116006956@2x-768x472.webp 768w, https:\/\/simplexts.se\/wp-content\/uploads\/2024\/02\/shutterstock_116006956@2x-18x12.webp 18w, https:\/\/simplexts.se\/wp-content\/uploads\/2024\/02\/shutterstock_116006956@2x-575x353.webp 575w\" sizes=\"auto, (max-width: 1192px) 100vw, 1192px\" \/><\/figure>\n\n<\/div>\n<\/div><\/div>\n\n<div class=\"gb-grid-column gb-grid-column-01762f8a\"><div class=\"gb-container gb-container-01762f8a\">\n<div class=\"gb-container gb-container-50cc6251\">\n\n<figure class=\"gb-block-image gb-block-image-d2631517\"><img loading=\"lazy\" decoding=\"async\" width=\"574\" height=\"732\" class=\"gb-image gb-image-d2631517 window-img\" src=\"https:\/\/simplexts.se\/wp-content\/uploads\/2024\/02\/Mask-Group-14@2x.webp\" alt=\"\" title=\"Mask-Group-14@2x\" srcset=\"https:\/\/simplexts.se\/wp-content\/uploads\/2024\/02\/Mask-Group-14@2x.webp 574w, https:\/\/simplexts.se\/wp-content\/uploads\/2024\/02\/Mask-Group-14@2x-235x300.webp 235w, https:\/\/simplexts.se\/wp-content\/uploads\/2024\/02\/Mask-Group-14@2x-9x12.webp 9w\" sizes=\"auto, (max-width: 574px) 100vw, 574px\" \/><\/figure>\n\n<\/div>\n<\/div><\/div>\n\n<div class=\"gb-grid-column gb-grid-column-7dd1a298\"><div class=\"gb-container gb-container-7dd1a298\">\n\n<p class=\"gb-headline gb-headline-92fae5be gb-headline-text\">V\u00e5r service inkluderar akut och planerat underh\u00e5ll, reservdelsf\u00f6rs\u00f6rjning, och teknisk support. Vi \u00e4r dedikerade till att maximera drifttid och effektivitet f\u00f6r v\u00e5ra kunder globalt.<\/p>\n\n\n\n<div class=\"wp-block-buttons buttons-underline-decoration is-layout-flex wp-block-buttons-is-layout-flex\">\n<div class=\"wp-block-button\"><a class=\"wp-block-button__link wp-element-button\" href=\"https:\/\/simplexts.se\/sv\/contact-us\/\">Kontakta oss<\/a><\/div>\n<\/div>\n\n<\/div><\/div>\n<\/div>\n<\/div>","protected":false},"excerpt":{"rendered":"","protected":false},"author":7,"featured_media":0,"parent":0,"menu_order":0,"comment_status":"closed","ping_status":"closed","template":"","meta":{"_acf_changed":true,"inline_featured_image":false,"footnotes":""},"class_list":["post-20","page","type-page","status-publish","hentry"],"acf":[],"yoast_head":"<!-- This site is optimized with the Yoast SEO plugin v22.0 - https:\/\/yoast.com\/wordpress\/plugins\/seo\/ -->\n<title>About us - Simplex Turbulo Sysytem<\/title>\n<meta name=\"robots\" content=\"index, follow, max-snippet:-1, max-image-preview:large, max-video-preview:-1\" \/>\n<link rel=\"canonical\" href=\"https:\/\/simplexts.se\/sv\/about-us\/\" \/>\n<meta property=\"og:locale\" content=\"sv_SE\" \/>\n<meta property=\"og:type\" content=\"article\" \/>\n<meta property=\"og:title\" content=\"About us - Simplex Turbulo Sysytem\" \/>\n<meta property=\"og:url\" content=\"https:\/\/simplexts.se\/sv\/about-us\/\" \/>\n<meta property=\"og:site_name\" content=\"Simplex Turbulo Sysytem\" \/>\n<meta property=\"article:modified_time\" content=\"2024-03-28T08:14:32+00:00\" \/>\n<meta property=\"og:image\" content=\"https:\/\/simplexts.se\/wp-content\/uploads\/2024\/02\/Screenshot-2024-01-29-at-08.34.44@2x.webp\" \/>\n<meta name=\"twitter:card\" content=\"summary_large_image\" \/>\n<meta name=\"twitter:label1\" content=\"Ber\u00e4knad l\u00e4stid\" \/>\n\t<meta name=\"twitter:data1\" content=\"2 minuter\" \/>\n<script type=\"application\/ld+json\" class=\"yoast-schema-graph\">{\"@context\":\"https:\/\/schema.org\",\"@graph\":[{\"@type\":\"WebPage\",\"@id\":\"https:\/\/simplexts.se\/about-us\/\",\"url\":\"https:\/\/simplexts.se\/about-us\/\",\"name\":\"About us - Simplex Turbulo Sysytem\",\"isPartOf\":{\"@id\":\"https:\/\/simplexts.se\/#website\"},\"datePublished\":\"2024-02-10T10:21:48+00:00\",\"dateModified\":\"2024-03-28T08:14:32+00:00\",\"breadcrumb\":{\"@id\":\"https:\/\/simplexts.se\/about-us\/#breadcrumb\"},\"inLanguage\":\"sv-SE\",\"potentialAction\":[{\"@type\":\"ReadAction\",\"target\":[\"https:\/\/simplexts.se\/about-us\/\"]}]},{\"@type\":\"BreadcrumbList\",\"@id\":\"https:\/\/simplexts.se\/about-us\/#breadcrumb\",\"itemListElement\":[{\"@type\":\"ListItem\",\"position\":1,\"name\":\"Home\",\"item\":\"https:\/\/simplexts.se\/\"},{\"@type\":\"ListItem\",\"position\":2,\"name\":\"About us\"}]},{\"@type\":\"WebSite\",\"@id\":\"https:\/\/simplexts.se\/#website\",\"url\":\"https:\/\/simplexts.se\/\",\"name\":\"Simplex Turbulo Sysytem\",\"description\":\"\",\"publisher\":{\"@id\":\"https:\/\/simplexts.se\/#organization\"},\"potentialAction\":[{\"@type\":\"SearchAction\",\"target\":{\"@type\":\"EntryPoint\",\"urlTemplate\":\"https:\/\/simplexts.se\/?s={search_term_string}\"},\"query-input\":\"required name=search_term_string\"}],\"inLanguage\":\"sv-SE\"},{\"@type\":[\"Organization\",\"Place\"],\"@id\":\"https:\/\/simplexts.se\/#organization\",\"name\":\"SIMPLEX Turbulo System AB\",\"url\":\"https:\/\/simplexts.se\/\",\"logo\":{\"@id\":\"https:\/\/simplexts.se\/about-us\/#local-main-organization-logo\"},\"image\":{\"@id\":\"https:\/\/simplexts.se\/about-us\/#local-main-organization-logo\"},\"address\":{\"@id\":\"https:\/\/simplexts.se\/about-us\/#local-main-place-address\"},\"geo\":{\"@type\":\"GeoCoordinates\",\"latitude\":\"57.82333733297604\",\"longitude\":\"12.014921770172046\"},\"telephone\":[\"070 \u2013 778 10 31\",\"076 \u2013 89871 85\"],\"contactPoint\":{\"@type\":\"ContactPoint\",\"email\":\"lars.b@simplexts.se\"},\"openingHoursSpecification\":[],\"email\":\"frank.b@simplexts.se\"},{\"@type\":\"PostalAddress\",\"@id\":\"https:\/\/simplexts.se\/about-us\/#local-main-place-address\",\"streetAddress\":\"Vassv\u00e4gen 8B\",\"addressLocality\":\"Surte\",\"postalCode\":\"445 57\",\"addressCountry\":\"SE\"},{\"@type\":\"ImageObject\",\"inLanguage\":\"sv-SE\",\"@id\":\"https:\/\/simplexts.se\/about-us\/#local-main-organization-logo\",\"url\":\"https:\/\/simplexts.se\/wp-content\/uploads\/2024\/06\/Simplex-Turbulo-System-Organization-Logo.webp\",\"contentUrl\":\"https:\/\/simplexts.se\/wp-content\/uploads\/2024\/06\/Simplex-Turbulo-System-Organization-Logo.webp\",\"width\":696,\"height\":696,\"caption\":\"SIMPLEX Turbulo System AB\"}]}<\/script>\n<meta name=\"geo.placename\" content=\"Surte\" \/>\n<meta name=\"geo.position\" content=\"57.82333733297604;12.014921770172046\" \/>\n<meta name=\"geo.region\" content=\"Sverige\" \/>\n<!-- \/ Yoast SEO plugin. -->","yoast_head_json":{"title":"About us - Simplex Turbulo Sysytem","robots":{"index":"index","follow":"follow","max-snippet":"max-snippet:-1","max-image-preview":"max-image-preview:large","max-video-preview":"max-video-preview:-1"},"canonical":"https:\/\/simplexts.se\/sv\/about-us\/","og_locale":"sv_SE","og_type":"article","og_title":"About us - Simplex Turbulo Sysytem","og_url":"https:\/\/simplexts.se\/sv\/about-us\/","og_site_name":"Simplex Turbulo Sysytem","article_modified_time":"2024-03-28T08:14:32+00:00","og_image":[{"url":"https:\/\/simplexts.se\/wp-content\/uploads\/2024\/02\/Screenshot-2024-01-29-at-08.34.44@2x.webp"}],"twitter_card":"summary_large_image","twitter_misc":{"Ber\u00e4knad l\u00e4stid":"2 minuter"},"schema":{"@context":"https:\/\/schema.org","@graph":[{"@type":"WebPage","@id":"https:\/\/simplexts.se\/about-us\/","url":"https:\/\/simplexts.se\/about-us\/","name":"About us - Simplex Turbulo Sysytem","isPartOf":{"@id":"https:\/\/simplexts.se\/#website"},"datePublished":"2024-02-10T10:21:48+00:00","dateModified":"2024-03-28T08:14:32+00:00","breadcrumb":{"@id":"https:\/\/simplexts.se\/about-us\/#breadcrumb"},"inLanguage":"sv-SE","potentialAction":[{"@type":"ReadAction","target":["https:\/\/simplexts.se\/about-us\/"]}]},{"@type":"BreadcrumbList","@id":"https:\/\/simplexts.se\/about-us\/#breadcrumb","itemListElement":[{"@type":"ListItem","position":1,"name":"Home","item":"https:\/\/simplexts.se\/"},{"@type":"ListItem","position":2,"name":"About us"}]},{"@type":"WebSite","@id":"https:\/\/simplexts.se\/#website","url":"https:\/\/simplexts.se\/","name":"Simplex Turbulo Sysytem","description":"","publisher":{"@id":"https:\/\/simplexts.se\/#organization"},"potentialAction":[{"@type":"SearchAction","target":{"@type":"EntryPoint","urlTemplate":"https:\/\/simplexts.se\/?s={search_term_string}"},"query-input":"required name=search_term_string"}],"inLanguage":"sv-SE"},{"@type":["Organization","Place"],"@id":"https:\/\/simplexts.se\/#organization","name":"SIMPLEX Turbulo System AB","url":"https:\/\/simplexts.se\/","logo":{"@id":"https:\/\/simplexts.se\/about-us\/#local-main-organization-logo"},"image":{"@id":"https:\/\/simplexts.se\/about-us\/#local-main-organization-logo"},"address":{"@id":"https:\/\/simplexts.se\/about-us\/#local-main-place-address"},"geo":{"@type":"GeoCoordinates","latitude":"57.82333733297604","longitude":"12.014921770172046"},"telephone":["070 \u2013 778 10 31","076 \u2013 89871 85"],"contactPoint":{"@type":"ContactPoint","email":"lars.b@simplexts.se"},"openingHoursSpecification":[],"email":"frank.b@simplexts.se"},{"@type":"PostalAddress","@id":"https:\/\/simplexts.se\/about-us\/#local-main-place-address","streetAddress":"Vassv\u00e4gen 8B","addressLocality":"Surte","postalCode":"445 57","addressCountry":"SE"},{"@type":"ImageObject","inLanguage":"sv-SE","@id":"https:\/\/simplexts.se\/about-us\/#local-main-organization-logo","url":"https:\/\/simplexts.se\/wp-content\/uploads\/2024\/06\/Simplex-Turbulo-System-Organization-Logo.webp","contentUrl":"https:\/\/simplexts.se\/wp-content\/uploads\/2024\/06\/Simplex-Turbulo-System-Organization-Logo.webp","width":696,"height":696,"caption":"SIMPLEX Turbulo System AB"}]},"geo.placename":"Surte","geo.position":{"lat":"57.82333733297604","long":"12.014921770172046"},"geo.region":"Sverige"},"_links":{"self":[{"href":"https:\/\/simplexts.se\/sv\/wp-json\/wp\/v2\/pages\/20","targetHints":{"allow":["GET"]}}],"collection":[{"href":"https:\/\/simplexts.se\/sv\/wp-json\/wp\/v2\/pages"}],"about":[{"href":"https:\/\/simplexts.se\/sv\/wp-json\/wp\/v2\/types\/page"}],"author":[{"embeddable":true,"href":"https:\/\/simplexts.se\/sv\/wp-json\/wp\/v2\/users\/7"}],"replies":[{"embeddable":true,"href":"https:\/\/simplexts.se\/sv\/wp-json\/wp\/v2\/comments?post=20"}],"version-history":[{"count":0,"href":"https:\/\/simplexts.se\/sv\/wp-json\/wp\/v2\/pages\/20\/revisions"}],"wp:attachment":[{"href":"https:\/\/simplexts.se\/sv\/wp-json\/wp\/v2\/media?parent=20"}],"curies":[{"name":"wp","href":"https:\/\/api.w.org\/{rel}","templated":true}]}}