{"id":17,"date":"2024-02-10T11:21:22","date_gmt":"2024-02-10T10:21:22","guid":{"rendered":"https:\/\/simplexts.se\/?page_id=17"},"modified":"2024-03-28T09:13:51","modified_gmt":"2024-03-28T08:13:51","slug":"service","status":"publish","type":"page","link":"https:\/\/simplexts.se\/sv\/service\/","title":{"rendered":"Service"},"content":{"rendered":"<section class=\"mht-block mht-block-cta mht-block-cta-9c06943522af1c7d41dfc0ed2a12468f\" style=\"margin-top:var(--mht-block-cta-section-margin-top);margin-bottom:var(--mht-block-cta-section-margin-bottom)\">\n\n    \n<style id='mht-block-cta-9c06943522af1c7d41dfc0ed2a12468f-vars'>section.mht-block-cta-9c06943522af1c7d41dfc0ed2a12468f{--mht-block-cta-section-margin-top:80px;--mht-block-cta-section-margin-bottom:165px;--mht-block-cta-image-grid-column:7\/span 6;--mht-block-cta-image-order:2;--mht-block-cta-texts-grid-column:1\/span 6;--mht-block-cta-texts-margin-right:25px;--mht-block-cta-title-margin-bottom:16px;--mht-block-cta-desc-margin-bottom:46px}@media(max-width:991.98px){section.mht-block-cta-9c06943522af1c7d41dfc0ed2a12468f{--mht-block-cta-section-margin-top:0;--mht-block-cta-section-margin-bottom:80px;--mht-block-cta-image-grid-column:1\/span 2;--mht-block-cta-image-order:initial;--mht-block-cta-texts-grid-column:1\/span 2;--mht-block-cta-title-margin-bottom:24px}}<\/style>\n\n    <div class=\"section-rich-bg rich-bg\"><\/div>\n\n    <div class=\"container\">\n        <div class=\"section-content\">\n            <div class=\"section-content--inner mht-grid\">\n\n                                    <div class=\"cta--image\" style=\"grid-column:var(--mht-block-cta-image-grid-column);order:var(--mht-block-cta-image-order)\">\n                        <img loading=\"lazy\" decoding=\"async\" width=\"768\" height=\"538\" src=\"https:\/\/simplexts.se\/wp-content\/uploads\/2024\/02\/shutterstock_1162299457@2x-768x538.webp\" class=\"\" alt=\"\" srcset=\"https:\/\/simplexts.se\/wp-content\/uploads\/2024\/02\/shutterstock_1162299457@2x-768x538.webp 768w, https:\/\/simplexts.se\/wp-content\/uploads\/2024\/02\/shutterstock_1162299457@2x-300x210.webp 300w, https:\/\/simplexts.se\/wp-content\/uploads\/2024\/02\/shutterstock_1162299457@2x-1024x717.webp 1024w, https:\/\/simplexts.se\/wp-content\/uploads\/2024\/02\/shutterstock_1162299457@2x-18x12.webp 18w, https:\/\/simplexts.se\/wp-content\/uploads\/2024\/02\/shutterstock_1162299457@2x-575x403.webp 575w, https:\/\/simplexts.se\/wp-content\/uploads\/2024\/02\/shutterstock_1162299457@2x.webp 1296w\" sizes=\"auto, (max-width: 768px) 100vw, 768px\" \/>                    <\/div><!-- .cta--image -->\n                \n                <div class=\"cta--texts\" style=\"grid-column:var(--mht-block-cta-texts-grid-column);margin-right:var(--mht-block-cta-texts-margin-right)\">\n                    \n                                            <h1 class=\"cta--title mht-heading\" style=\"margin-bottom:var(--mht-block-cta-title-margin-bottom)\">                            Service dygnet runt \u00f6ver hela v\u00e4rlden                        <\/h1>                    \n                                            <div class=\"cta--desc\" style=\"margin-bottom:var(--mht-block-cta-desc-margin-bottom)\">\n                            <p>Simplex-produkter \u00e4r erk\u00e4nda som v\u00e4rldsledande inom sitt omr\u00e5de och vi \u00e4r stolta \u00f6ver att vara SKF Marinas serviceagent och partner i Sverige. Om du beh\u00f6ver akut service eller planerat underh\u00e5ll, kontakta oss idag s\u00e5 st\u00e5r vi redo att hj\u00e4lpa dig.<\/p>\n<p>Vi erbjuder o\u00f6vertr\u00e4ffat st\u00f6d genom hela livscykeln av v\u00e5ra produkter med en tillg\u00e4nglighet 24\/7 runt om i v\u00e4rlden. V\u00e5ra tj\u00e4nster str\u00e4cker sig fr\u00e5n kostnadsfria f\u00f6rk\u00f6pskonsultationer till akuta reparationer, vilket s\u00e4kerst\u00e4ller att du f\u00e5r det st\u00f6d du beh\u00f6ver utan falska l\u00f6ften.<\/p>\n<p>Vi f\u00f6rst\u00e5r vikten av en p\u00e5litlig servicepartner och f\u00f6rbinder oss att leva upp till v\u00e5rt l\u00f6fte om st\u00e4ndig tillg\u00e4nglighet. Lita p\u00e5 oss f\u00f6r att erbjuda den tillf\u00f6rlitliga, dygnet runt-assistansen du beh\u00f6ver.<\/p>\n                        <\/div>\n                    \n                                            <div class=\"cta--button-wrap\">\n                                <a\n        class=\"btn btn-primary\"\n        href=\"https:\/\/simplexts.se\/sv\/contact-us\/\"\n                    >\n\n    <span class=\"btn--text\">Kontakta oss<\/span>\n\n    <\/a>\n                        <\/div>\n                                    <\/div><!-- .cta--texts -->\n\n            <\/div><!-- .section-content-inner -->\n        <\/div><!-- .section-content -->\n    <\/div><!-- .container -->\n\n<\/section>\n\n\n<section class=\"mht-block mht-block-cards mht-block-cards-0ec86a09acd59c7cd03b12363392f594 services-cards-decoration\" style=\"margin-bottom:var(--mht-block-cards-section-margin-bottom);text-align:var(--mht-block-cards-section-text-align)\">\n\n    \n<style id='mht-block-cards-0ec86a09acd59c7cd03b12363392f594-vars'>section.mht-block-cards-0ec86a09acd59c7cd03b12363392f594{--mht-block-cards-section-margin-bottom:200px;--mht-block-cards-section-text-align:left;--mht-block-cards-cards-column-gap:135px;--mht-block-cards-cards-row-gap:120px;--mht-block-cards-container-padding-right:100px;--mht-block-cards-card-texts-margin-top:32px;--mht-block-cards-card-texts-margin-right:100px;--mht-block-cards-card-image-margin-left:auto;--mht-block-cards-card-image-margin-right:0;--mht-block-cards-title-font-size:52px;--mht-block-cards-title-font-weight:500;--mht-block-cards-title-line-height:56px;--mht-block-cards-title-letter-spacing:0;--mht-block-cards-title-margin-bottom:24px}@media(max-width:991.98px){section.mht-block-cards-0ec86a09acd59c7cd03b12363392f594{--mht-block-cards-section-margin-bottom:100px;--mht-block-cards-cards-row-gap:46px;--mht-block-cards-container-padding-right:15px;--mht-block-cards-card-texts-margin-top:16px;--mht-block-cards-card-texts-margin-right:0;--mht-block-cards-title-font-size:26px;--mht-block-cards-title-font-weight:500;--mht-block-cards-title-line-height:42px;--mht-block-cards-title-letter-spacing:0;--mht-block-cards-title-margin-bottom:18px}}<\/style>\n\n    <div class=\"section-rich-bg rich-bg\"><\/div>\n\n    <div class=\"container\" style=\"padding-right:var(--mht-block-cards-container-padding-right)\">\n        <div class=\"section-content\">\n            <div class=\"section-content--inner\">\n\n                <ul class=\"cards--cards mht-grid-2 mht-grid-m-1\">\n                                            <li class=\"cards--card-item\">\n                                <div class=\"cards--card cards--card-v1\">\n\n    <div class=\"cards--card--header\">\n        \n    <div class=\"cards--card--image justify-content-flex-end image-size-type-fixed image-type-image\" style=\"margin-left:var(--mht-block-cards-card-image-margin-left);margin-right:var(--mht-block-cards-card-image-margin-right)\">\n        <img loading=\"lazy\" decoding=\"async\" width=\"768\" height=\"1114\" src=\"https:\/\/simplexts.se\/wp-content\/uploads\/2024\/02\/Group-1275.svg\" class=\"display-d\" alt=\"\" \/><img loading=\"lazy\" decoding=\"async\" width=\"139\" height=\"202\" src=\"https:\/\/simplexts.se\/wp-content\/uploads\/2024\/02\/Group-1263.svg\" class=\"display-m\" alt=\"\" \/>    <\/div><!-- .cards--card--image -->\n    <\/div><!-- .cards--card--header -->\n\n    <div class=\"cards--card--texts\" style=\"margin-top:var(--mht-block-cards-card-texts-margin-top);margin-right:var(--mht-block-cards-card-texts-margin-right)\">\n        <div class=\"cards--card--texts--inner\">\n\n            <div class=\"cards--card--body\">\n                                    <h2 class=\"cards--card--title mht-heading\" style=\"font-size:var(--mht-block-cards-title-font-size);font-weight:var(--mht-block-cards-title-font-weight);line-height:var(--mht-block-cards-title-line-height);letter-spacing:var(--mht-block-cards-title-letter-spacing);margin-bottom:var(--mht-block-cards-title-margin-bottom)\">                        Inledande konsultation                    <\/h2>                \n                \n                                    <div class=\"cards--card--desc\">\n                        <p>Kostnadsfri inledande konsultation, inklusive planering och tekniskt st\u00f6d f\u00f6r nybyggnation och ombyggnad.<\/p>\n<p>N\u00e4ra samarbete med b\u00e5de kunden och rederiet under byggnadsfasen.<\/p>\n<p>R\u00e5dgivning ang\u00e5ende lokala lagar och f\u00f6reskrifter, speciellt f\u00f6r svenska och nordiska sj\u00f6omr\u00e5den.<\/p>\n<p>F\u00f6rsta installationen av utrustning.<\/p>\n<p>Ig\u00e5ngs\u00e4ttning och operativ inst\u00e4llning av komponenter ombord, inklusive kontroll av justering.<\/p>\n                    <\/div>\n                            <\/div><!-- .cards--card--body -->\n\n            \n        <\/div><!-- .cards--card--texts--inner -->\n    <\/div><!-- .cards--card--texts -->\n\n    <\/div>\n                        <\/li>\n                                            <li class=\"cards--card-item\">\n                                <div class=\"cards--card cards--card-v1\">\n\n    <div class=\"cards--card--header\">\n        \n    <div class=\"cards--card--image justify-content-flex-end image-size-type-fixed image-type-image\" style=\"margin-left:var(--mht-block-cards-card-image-margin-left);margin-right:var(--mht-block-cards-card-image-margin-right)\">\n        <img loading=\"lazy\" decoding=\"async\" width=\"768\" height=\"738\" src=\"https:\/\/simplexts.se\/wp-content\/uploads\/2024\/02\/Group-1270.svg\" class=\"display-d\" alt=\"\" \/><img loading=\"lazy\" decoding=\"async\" width=\"187\" height=\"179\" src=\"https:\/\/simplexts.se\/wp-content\/uploads\/2024\/02\/Group-1261.svg\" class=\"display-m\" alt=\"\" \/>    <\/div><!-- .cards--card--image -->\n    <\/div><!-- .cards--card--header -->\n\n    <div class=\"cards--card--texts\" style=\"margin-top:var(--mht-block-cards-card-texts-margin-top);margin-right:var(--mht-block-cards-card-texts-margin-right)\">\n        <div class=\"cards--card--texts--inner\">\n\n            <div class=\"cards--card--body\">\n                                    <h2 class=\"cards--card--title mht-heading\" style=\"font-size:var(--mht-block-cards-title-font-size);font-weight:var(--mht-block-cards-title-font-weight);line-height:var(--mht-block-cards-title-line-height);letter-spacing:var(--mht-block-cards-title-letter-spacing);margin-bottom:var(--mht-block-cards-title-margin-bottom)\">                        Regelbunden dockningsservice                    <\/h2>                \n                \n                                    <div class=\"cards--card--desc\">\n                        <p>B\u00e4sta urval av reservdelar baserat p\u00e5 fartygets historik.<\/p>\n<p>Enast\u00e5ende kvalitet fr\u00e5n originaltillverkare.<\/p>\n<p>H\u00f6g tillg\u00e4nglighet p\u00e5 reservdelar med expressleverans.<\/p>\n<p>Standardiserade servicerapporter globalt.<\/p>\n                    <\/div>\n                            <\/div><!-- .cards--card--body -->\n\n            \n        <\/div><!-- .cards--card--texts--inner -->\n    <\/div><!-- .cards--card--texts -->\n\n    <\/div>\n                        <\/li>\n                                            <li class=\"cards--card-item\">\n                                <div class=\"cards--card cards--card-v1\">\n\n    <div class=\"cards--card--header\">\n        \n    <div class=\"cards--card--image justify-content-flex-end image-size-type-fixed image-type-image\" style=\"margin-left:var(--mht-block-cards-card-image-margin-left);margin-right:var(--mht-block-cards-card-image-margin-right)\">\n        <img loading=\"lazy\" decoding=\"async\" width=\"768\" height=\"852\" src=\"https:\/\/simplexts.se\/wp-content\/uploads\/2024\/02\/Group-1267.svg\" class=\"display-d\" alt=\"\" \/><img loading=\"lazy\" decoding=\"async\" width=\"159\" height=\"178\" src=\"https:\/\/simplexts.se\/wp-content\/uploads\/2024\/02\/Group-1260.svg\" class=\"display-m\" alt=\"\" \/>    <\/div><!-- .cards--card--image -->\n    <\/div><!-- .cards--card--header -->\n\n    <div class=\"cards--card--texts\" style=\"margin-top:var(--mht-block-cards-card-texts-margin-top);margin-right:var(--mht-block-cards-card-texts-margin-right)\">\n        <div class=\"cards--card--texts--inner\">\n\n            <div class=\"cards--card--body\">\n                                    <h2 class=\"cards--card--title mht-heading\" style=\"font-size:var(--mht-block-cards-title-font-size);font-weight:var(--mht-block-cards-title-font-weight);line-height:var(--mht-block-cards-title-line-height);letter-spacing:var(--mht-block-cards-title-letter-spacing);margin-bottom:var(--mht-block-cards-title-margin-bottom)\">                        Driftservice f\u00f6r fartyg                    <\/h2>                \n                \n                                    <div class=\"cards--card--desc\">\n                        <p>Underh\u00e5ll och funktionskontroller f\u00f6r alla komponenter.<\/p>\n<p>Teknisk r\u00e5dgivning, fels\u00f6kning och systemoptimering.<\/p>\n<p>Regelbunden tillhandah\u00e5llande av servicemeddelanden.<\/p>\n                    <\/div>\n                            <\/div><!-- .cards--card--body -->\n\n            \n        <\/div><!-- .cards--card--texts--inner -->\n    <\/div><!-- .cards--card--texts -->\n\n    <\/div>\n                        <\/li>\n                                            <li class=\"cards--card-item\">\n                                <div class=\"cards--card cards--card-v1\">\n\n    <div class=\"cards--card--header\">\n        \n    <div class=\"cards--card--image justify-content-flex-end image-size-type-fixed image-type-image\" style=\"margin-left:var(--mht-block-cards-card-image-margin-left);margin-right:var(--mht-block-cards-card-image-margin-right)\">\n        <img loading=\"lazy\" decoding=\"async\" width=\"768\" height=\"768\" src=\"https:\/\/simplexts.se\/wp-content\/uploads\/2024\/02\/Group-1273.svg\" class=\"display-d\" alt=\"\" \/><img loading=\"lazy\" decoding=\"async\" width=\"179\" height=\"179\" src=\"https:\/\/simplexts.se\/wp-content\/uploads\/2024\/02\/Group-1262.svg\" class=\"display-m\" alt=\"\" \/>    <\/div><!-- .cards--card--image -->\n    <\/div><!-- .cards--card--header -->\n\n    <div class=\"cards--card--texts\" style=\"margin-top:var(--mht-block-cards-card-texts-margin-top);margin-right:var(--mht-block-cards-card-texts-margin-right)\">\n        <div class=\"cards--card--texts--inner\">\n\n            <div class=\"cards--card--body\">\n                                    <h2 class=\"cards--card--title mht-heading\" style=\"font-size:var(--mht-block-cards-title-font-size);font-weight:var(--mht-block-cards-title-font-weight);line-height:var(--mht-block-cards-title-line-height);letter-spacing:var(--mht-block-cards-title-letter-spacing);margin-bottom:var(--mht-block-cards-title-margin-bottom)\">                        Reservdelar                    <\/h2>                \n                \n                                    <div class=\"cards--card--desc\">\n                        <p>Reservdelar finns tillg\u00e4ngliga p\u00e5 v\u00e5rt lager i G\u00f6teborg och kan vid behov snabbt best\u00e4llas fr\u00e5n v\u00e5rt huvudlager i Hamburg, Tyskland, ut\u00f6ver SKF Marinas ytterligare lager i Singapore och Shanghai.<\/p>\n<p>Snabbtillverkning av reservdelar: 98% av tidigare levererade delar kan \u00e5terskapas p\u00e5 mycket kort tid.<\/p>\n<p>Snabb leverans tack vare s\u00e4kerhetsgodk\u00e4nnande vid flygplatser.<\/p>\n<p>St\u00e4ndiga kvalitetskontroller och l\u00f6pande utveckling.<\/p>\n<p>Specialutvecklade verktyg f\u00f6r montering av reservdelar.<\/p>\n                    <\/div>\n                            <\/div><!-- .cards--card--body -->\n\n            \n        <\/div><!-- .cards--card--texts--inner -->\n    <\/div><!-- .cards--card--texts -->\n\n    <\/div>\n                        <\/li>\n                                            <li class=\"cards--card-item\">\n                                <div class=\"cards--card cards--card-v1\">\n\n    <div class=\"cards--card--header\">\n        \n    <div class=\"cards--card--image justify-content-flex-end image-size-type-fixed image-type-image\" style=\"margin-left:var(--mht-block-cards-card-image-margin-left);margin-right:var(--mht-block-cards-card-image-margin-right)\">\n        <img loading=\"lazy\" decoding=\"async\" width=\"768\" height=\"711\" src=\"https:\/\/simplexts.se\/wp-content\/uploads\/2024\/02\/Group-1281.svg\" class=\"display-d\" alt=\"\" \/><img loading=\"lazy\" decoding=\"async\" width=\"258\" height=\"239\" src=\"https:\/\/simplexts.se\/wp-content\/uploads\/2024\/02\/Picture6.png\" class=\"display-m\" alt=\"\" \/>    <\/div><!-- .cards--card--image -->\n    <\/div><!-- .cards--card--header -->\n\n    <div class=\"cards--card--texts\" style=\"margin-top:var(--mht-block-cards-card-texts-margin-top);margin-right:var(--mht-block-cards-card-texts-margin-right)\">\n        <div class=\"cards--card--texts--inner\">\n\n            <div class=\"cards--card--body\">\n                                    <h2 class=\"cards--card--title mht-heading\" style=\"font-size:var(--mht-block-cards-title-font-size);font-weight:var(--mht-block-cards-title-font-weight);line-height:var(--mht-block-cards-title-line-height);letter-spacing:var(--mht-block-cards-title-letter-spacing);margin-bottom:var(--mht-block-cards-title-margin-bottom)\">                        Akutservice                    <\/h2>                \n                \n                                    <div class=\"cards--card--desc\">\n                        <p>Dygnet runt teknisk supportlinje.<\/p>\n<p>St\u00f6d f\u00f6r akuta servicebehov.<\/p>\n<p>O\u00f6vertr\u00e4ffad tillg\u00e5ng till standardkomponenter och reservdelar.<\/p>\n<p>Ut\u00f6kade m\u00f6jligheter f\u00f6r expressproduktion.<\/p>\n<p>Service f\u00f6r undervattensreparationer.<\/p>\n                    <\/div>\n                            <\/div><!-- .cards--card--body -->\n\n            \n        <\/div><!-- .cards--card--texts--inner -->\n    <\/div><!-- .cards--card--texts -->\n\n    <\/div>\n                        <\/li>\n                                    <\/ul>\n\n            <\/div><!-- .section-content-inner -->\n        <\/div><!-- .section-content -->\n    <\/div><!-- .container -->\n\n<\/section>","protected":false},"excerpt":{"rendered":"","protected":false},"author":1,"featured_media":0,"parent":0,"menu_order":0,"comment_status":"closed","ping_status":"closed","template":"","meta":{"_acf_changed":true,"inline_featured_image":false,"footnotes":""},"class_list":["post-17","page","type-page","status-publish","hentry"],"acf":[],"yoast_head":"<!-- This site is optimized with the Yoast SEO plugin v22.0 - https:\/\/yoast.com\/wordpress\/plugins\/seo\/ -->\n<title>Service - Simplex Turbulo Sysytem<\/title>\n<meta name=\"robots\" content=\"index, follow, max-snippet:-1, max-image-preview:large, max-video-preview:-1\" \/>\n<link rel=\"canonical\" href=\"https:\/\/simplexts.se\/sv\/service\/\" \/>\n<meta property=\"og:locale\" content=\"sv_SE\" \/>\n<meta property=\"og:type\" content=\"article\" \/>\n<meta property=\"og:title\" content=\"Service - Simplex Turbulo Sysytem\" \/>\n<meta property=\"og:url\" content=\"https:\/\/simplexts.se\/sv\/service\/\" \/>\n<meta property=\"og:site_name\" content=\"Simplex Turbulo Sysytem\" \/>\n<meta property=\"article:modified_time\" content=\"2024-03-28T08:13:51+00:00\" \/>\n<meta property=\"og:image\" content=\"https:\/\/simplexts.se\/wp-content\/uploads\/2024\/06\/Simplex-Turbulo-System-Site-image.webp\" \/>\n\t<meta property=\"og:image:width\" content=\"1200\" \/>\n\t<meta property=\"og:image:height\" content=\"675\" \/>\n\t<meta property=\"og:image:type\" content=\"image\/webp\" \/>\n<meta name=\"twitter:card\" content=\"summary_large_image\" \/>\n<script type=\"application\/ld+json\" class=\"yoast-schema-graph\">{\"@context\":\"https:\/\/schema.org\",\"@graph\":[{\"@type\":\"WebPage\",\"@id\":\"https:\/\/simplexts.se\/service\/\",\"url\":\"https:\/\/simplexts.se\/service\/\",\"name\":\"Service - Simplex Turbulo Sysytem\",\"isPartOf\":{\"@id\":\"https:\/\/simplexts.se\/#website\"},\"datePublished\":\"2024-02-10T10:21:22+00:00\",\"dateModified\":\"2024-03-28T08:13:51+00:00\",\"breadcrumb\":{\"@id\":\"https:\/\/simplexts.se\/service\/#breadcrumb\"},\"inLanguage\":\"sv-SE\",\"potentialAction\":[{\"@type\":\"ReadAction\",\"target\":[\"https:\/\/simplexts.se\/service\/\"]}]},{\"@type\":\"BreadcrumbList\",\"@id\":\"https:\/\/simplexts.se\/service\/#breadcrumb\",\"itemListElement\":[{\"@type\":\"ListItem\",\"position\":1,\"name\":\"Home\",\"item\":\"https:\/\/simplexts.se\/\"},{\"@type\":\"ListItem\",\"position\":2,\"name\":\"Service\"}]},{\"@type\":\"WebSite\",\"@id\":\"https:\/\/simplexts.se\/#website\",\"url\":\"https:\/\/simplexts.se\/\",\"name\":\"Simplex Turbulo Sysytem\",\"description\":\"\",\"publisher\":{\"@id\":\"https:\/\/simplexts.se\/#organization\"},\"potentialAction\":[{\"@type\":\"SearchAction\",\"target\":{\"@type\":\"EntryPoint\",\"urlTemplate\":\"https:\/\/simplexts.se\/?s={search_term_string}\"},\"query-input\":\"required name=search_term_string\"}],\"inLanguage\":\"sv-SE\"},{\"@type\":[\"Organization\",\"Place\"],\"@id\":\"https:\/\/simplexts.se\/#organization\",\"name\":\"SIMPLEX Turbulo System AB\",\"url\":\"https:\/\/simplexts.se\/\",\"logo\":{\"@id\":\"https:\/\/simplexts.se\/service\/#local-main-organization-logo\"},\"image\":{\"@id\":\"https:\/\/simplexts.se\/service\/#local-main-organization-logo\"},\"address\":{\"@id\":\"https:\/\/simplexts.se\/service\/#local-main-place-address\"},\"geo\":{\"@type\":\"GeoCoordinates\",\"latitude\":\"57.82333733297604\",\"longitude\":\"12.014921770172046\"},\"telephone\":[\"070 \u2013 778 10 31\",\"076 \u2013 89871 85\"],\"contactPoint\":{\"@type\":\"ContactPoint\",\"email\":\"lars.b@simplexts.se\"},\"openingHoursSpecification\":[],\"email\":\"frank.b@simplexts.se\"},{\"@type\":\"PostalAddress\",\"@id\":\"https:\/\/simplexts.se\/service\/#local-main-place-address\",\"streetAddress\":\"Vassv\u00e4gen 8B\",\"addressLocality\":\"Surte\",\"postalCode\":\"445 57\",\"addressCountry\":\"SE\"},{\"@type\":\"ImageObject\",\"inLanguage\":\"sv-SE\",\"@id\":\"https:\/\/simplexts.se\/service\/#local-main-organization-logo\",\"url\":\"https:\/\/simplexts.se\/wp-content\/uploads\/2024\/06\/Simplex-Turbulo-System-Organization-Logo.webp\",\"contentUrl\":\"https:\/\/simplexts.se\/wp-content\/uploads\/2024\/06\/Simplex-Turbulo-System-Organization-Logo.webp\",\"width\":696,\"height\":696,\"caption\":\"SIMPLEX Turbulo System AB\"}]}<\/script>\n<meta name=\"geo.placename\" content=\"Surte\" \/>\n<meta name=\"geo.position\" content=\"57.82333733297604;12.014921770172046\" \/>\n<meta name=\"geo.region\" content=\"Sverige\" \/>\n<!-- \/ Yoast SEO plugin. -->","yoast_head_json":{"title":"Service - Simplex Turbulo Sysytem","robots":{"index":"index","follow":"follow","max-snippet":"max-snippet:-1","max-image-preview":"max-image-preview:large","max-video-preview":"max-video-preview:-1"},"canonical":"https:\/\/simplexts.se\/sv\/service\/","og_locale":"sv_SE","og_type":"article","og_title":"Service - Simplex Turbulo Sysytem","og_url":"https:\/\/simplexts.se\/sv\/service\/","og_site_name":"Simplex Turbulo Sysytem","article_modified_time":"2024-03-28T08:13:51+00:00","og_image":[{"width":1200,"height":675,"url":"https:\/\/simplexts.se\/wp-content\/uploads\/2024\/06\/Simplex-Turbulo-System-Site-image.webp","type":"image\/webp"}],"twitter_card":"summary_large_image","schema":{"@context":"https:\/\/schema.org","@graph":[{"@type":"WebPage","@id":"https:\/\/simplexts.se\/service\/","url":"https:\/\/simplexts.se\/service\/","name":"Service - Simplex Turbulo Sysytem","isPartOf":{"@id":"https:\/\/simplexts.se\/#website"},"datePublished":"2024-02-10T10:21:22+00:00","dateModified":"2024-03-28T08:13:51+00:00","breadcrumb":{"@id":"https:\/\/simplexts.se\/service\/#breadcrumb"},"inLanguage":"sv-SE","potentialAction":[{"@type":"ReadAction","target":["https:\/\/simplexts.se\/service\/"]}]},{"@type":"BreadcrumbList","@id":"https:\/\/simplexts.se\/service\/#breadcrumb","itemListElement":[{"@type":"ListItem","position":1,"name":"Home","item":"https:\/\/simplexts.se\/"},{"@type":"ListItem","position":2,"name":"Service"}]},{"@type":"WebSite","@id":"https:\/\/simplexts.se\/#website","url":"https:\/\/simplexts.se\/","name":"Simplex Turbulo Sysytem","description":"","publisher":{"@id":"https:\/\/simplexts.se\/#organization"},"potentialAction":[{"@type":"SearchAction","target":{"@type":"EntryPoint","urlTemplate":"https:\/\/simplexts.se\/?s={search_term_string}"},"query-input":"required name=search_term_string"}],"inLanguage":"sv-SE"},{"@type":["Organization","Place"],"@id":"https:\/\/simplexts.se\/#organization","name":"SIMPLEX Turbulo System AB","url":"https:\/\/simplexts.se\/","logo":{"@id":"https:\/\/simplexts.se\/service\/#local-main-organization-logo"},"image":{"@id":"https:\/\/simplexts.se\/service\/#local-main-organization-logo"},"address":{"@id":"https:\/\/simplexts.se\/service\/#local-main-place-address"},"geo":{"@type":"GeoCoordinates","latitude":"57.82333733297604","longitude":"12.014921770172046"},"telephone":["070 \u2013 778 10 31","076 \u2013 89871 85"],"contactPoint":{"@type":"ContactPoint","email":"lars.b@simplexts.se"},"openingHoursSpecification":[],"email":"frank.b@simplexts.se"},{"@type":"PostalAddress","@id":"https:\/\/simplexts.se\/service\/#local-main-place-address","streetAddress":"Vassv\u00e4gen 8B","addressLocality":"Surte","postalCode":"445 57","addressCountry":"SE"},{"@type":"ImageObject","inLanguage":"sv-SE","@id":"https:\/\/simplexts.se\/service\/#local-main-organization-logo","url":"https:\/\/simplexts.se\/wp-content\/uploads\/2024\/06\/Simplex-Turbulo-System-Organization-Logo.webp","contentUrl":"https:\/\/simplexts.se\/wp-content\/uploads\/2024\/06\/Simplex-Turbulo-System-Organization-Logo.webp","width":696,"height":696,"caption":"SIMPLEX Turbulo System AB"}]},"geo.placename":"Surte","geo.position":{"lat":"57.82333733297604","long":"12.014921770172046"},"geo.region":"Sverige"},"_links":{"self":[{"href":"https:\/\/simplexts.se\/sv\/wp-json\/wp\/v2\/pages\/17","targetHints":{"allow":["GET"]}}],"collection":[{"href":"https:\/\/simplexts.se\/sv\/wp-json\/wp\/v2\/pages"}],"about":[{"href":"https:\/\/simplexts.se\/sv\/wp-json\/wp\/v2\/types\/page"}],"author":[{"embeddable":true,"href":"https:\/\/simplexts.se\/sv\/wp-json\/wp\/v2\/users\/1"}],"replies":[{"embeddable":true,"href":"https:\/\/simplexts.se\/sv\/wp-json\/wp\/v2\/comments?post=17"}],"version-history":[{"count":0,"href":"https:\/\/simplexts.se\/sv\/wp-json\/wp\/v2\/pages\/17\/revisions"}],"wp:attachment":[{"href":"https:\/\/simplexts.se\/sv\/wp-json\/wp\/v2\/media?parent=17"}],"curies":[{"name":"wp","href":"https:\/\/api.w.org\/{rel}","templated":true}]}}